{"id":21,"date":"2018-06-19T13:56:30","date_gmt":"2018-06-19T13:56:30","guid":{"rendered":"https:\/\/polis-bau.hu\/?page_id=21"},"modified":"2026-02-25T08:54:39","modified_gmt":"2026-02-25T08:54:39","slug":"kapcsolat","status":"publish","type":"page","link":"https:\/\/polis-bau.hu\/?page_id=21","title":{"rendered":"Kapcsolat"},"content":{"rendered":"<p>[vc_row full_height=&#8221;yes&#8221; columns_placement=&#8221;top&#8221; content_placement=&#8221;top&#8221;][vc_column][vc_column_text css=&#8221;.vc_custom_1538998848348{padding-top: 20px !important;padding-right: 20px !important;padding-bottom: 20px !important;padding-left: 20px !important;background-color: #f7f7f7 !important;}&#8221;]<strong><u>Sz\u00e9khely\u00fcnk:<\/u><\/strong><\/p>\n<p>&nbsp;<\/p>\n<p>POLIS-BAU Kft.<\/p>\n<p>Sz\u00e9khely: 3526 Miskolc, Mechatronikai park 14.<\/p>\n<p>Levelez\u00e9si c\u00edm: 3510, Miskolc, Postafi\u00f3k 514.<\/p>\n<p>e-mail c\u00edm: <a href=\"mailto:polisbau.kft@gmail.com\">info@polis-bau.hu<\/a><\/p>\n<p>C\u00e9gjegyz\u00e9ksz\u00e1m: 05-09-015351<\/p>\n<p>Ad\u00f3sz\u00e1m: 14245046-2-05<\/p>\n<p>Telefonsz\u00e1m: +3646\/ <span data-teams=\"true\">530-424<\/span><\/p>\n<p>&nbsp;<\/p>\n<p><strong><u>Megval\u00f3s\u00edt\u00e1si helysz\u00edn (telephely):<\/u><\/strong><\/p>\n<p>3916 Bodrogkereszt\u00far, k\u00fclter\u00fclet 0172\/33. hrsz.<\/p>\n<p><strong><u>Nyitva tart\u00e1sunk:<\/u><\/strong><\/p>\n<p>H\u00e9tf\u0151-P\u00e9ntek: 8:00-16:00<\/p>\n<p>Szombat-Vas\u00e1rnap: Z\u00e1rva[\/vc_column_text][\/vc_column][\/vc_row]<\/p>\n","protected":false},"excerpt":{"rendered":"<p>[vc_row full_height=&#8221;yes&#8221; columns_placement=&#8221;top&#8221; content_placement=&#8221;top&#8221;][vc_column][vc_column_text css=&#8221;.vc_custom_1538998848348{padding-top: 20px !important;padding-right: 20px !important;padding-bottom: 20px !important;padding-left: 20px !important;background-color: #f7f7f7 !important;}&#8221;]Sz\u00e9khely\u00fcnk: &nbsp; POLIS-BAU Kft. Sz\u00e9khely: 3526 Miskolc, Mechatronikai park 14. Levelez\u00e9si c\u00edm: 3510, Miskolc, Postafi\u00f3k 514. e-mail c\u00edm: info@polis-bau.hu C\u00e9gjegyz\u00e9ksz\u00e1m: 05-09-015351 Ad\u00f3sz\u00e1m: 14245046-2-05 Telefonsz\u00e1m: +3646\/ 530-424 &nbsp; Megval\u00f3s\u00edt\u00e1si helysz\u00edn (telephely): 3916 Bodrogkereszt\u00far, k\u00fclter\u00fclet 0172\/33. hrsz. Nyitva tart\u00e1sunk: H\u00e9tf\u0151-P\u00e9ntek: 8:00-16:00 Szombat-Vas\u00e1rnap: Z\u00e1rva[\/vc_column_text][\/vc_column][\/vc_row]<\/p>\n","protected":false},"author":1,"featured_media":0,"parent":0,"menu_order":0,"comment_status":"closed","ping_status":"closed","template":"","meta":{"footnotes":""},"class_list":["post-21","page","type-page","status-publish","hentry"],"_links":{"self":[{"href":"https:\/\/polis-bau.hu\/index.php?rest_route=\/wp\/v2\/pages\/21","targetHints":{"allow":["GET"]}}],"collection":[{"href":"https:\/\/polis-bau.hu\/index.php?rest_route=\/wp\/v2\/pages"}],"about":[{"href":"https:\/\/polis-bau.hu\/index.php?rest_route=\/wp\/v2\/types\/page"}],"author":[{"embeddable":true,"href":"https:\/\/polis-bau.hu\/index.php?rest_route=\/wp\/v2\/users\/1"}],"replies":[{"embeddable":true,"href":"https:\/\/polis-bau.hu\/index.php?rest_route=%2Fwp%2Fv2%2Fcomments&post=21"}],"version-history":[{"count":8,"href":"https:\/\/polis-bau.hu\/index.php?rest_route=\/wp\/v2\/pages\/21\/revisions"}],"predecessor-version":[{"id":232,"href":"https:\/\/polis-bau.hu\/index.php?rest_route=\/wp\/v2\/pages\/21\/revisions\/232"}],"wp:attachment":[{"href":"https:\/\/polis-bau.hu\/index.php?rest_route=%2Fwp%2Fv2%2Fmedia&parent=21"}],"curies":[{"name":"wp","href":"https:\/\/api.w.org\/{rel}","templated":true}]}}