{"id":19,"date":"2018-06-19T13:56:10","date_gmt":"2018-06-19T13:56:10","guid":{"rendered":"https:\/\/polis-bau.hu\/?page_id=19"},"modified":"2021-04-23T09:25:20","modified_gmt":"2021-04-23T09:25:20","slug":"referenciak","status":"publish","type":"page","link":"https:\/\/polis-bau.hu\/?page_id=19","title":{"rendered":"Referenci\u00e1ink"},"content":{"rendered":"<p>[vc_row full_height=&#8221;yes&#8221; columns_placement=&#8221;top&#8221; content_placement=&#8221;top&#8221;][vc_column][vc_column_text css=&#8221;.vc_custom_1530013881773{padding-top: 20px !important;padding-right: 20px !important;padding-bottom: 20px !important;padding-left: 20px !important;background-color: #f7f7f7 !important;}&#8221;]<strong>Projektjeink, referenci\u00e1ink <\/strong><\/p>\n<p><strong>&nbsp;<\/strong><\/p>\n<ul>\n<li>Saj\u00f3-B\u00f3dva V\u00f6lgye Telep\u00fcl\u00e9si Szil\u00e1rdhullad\u00e9k lerak\u00f3 rekultiv\u00e1ci\u00f3<\/li>\n<li>Hern\u00e1d V\u00f6lgye Telep\u00fcl\u00e9si Szil\u00e1rdhullad\u00e9k lerak\u00f3 rekultiv\u00e1ci\u00f3<\/li>\n<li>Miskolc D\u00e9li Ipari Park \u00fat\u00e9p\u00edt\u00e9s, kamionparkol\u00f3 \u00e9p\u00edt\u00e9s<\/li>\n<li>Aba\u00faj-Zempl\u00e9n Hullad\u00e9kgazd\u00e1lkod\u00e1si Rendszer ki\u00e9p\u00edt\u00e9se t\u00fcziv\u00edz medence \u00e9s \u00fat\u00e9p\u00edt\u00e9s<\/li>\n<li>Aba\u00faj-Zempl\u00e9n Hullad\u00e9kgazd\u00e1lkod\u00e1si Rendszer ki\u00e9p\u00edt\u00e9se hullad\u00e9kgy\u0171jt\u0151 szigetek \u00e9p\u00edt\u00e9se<\/li>\n<li>H\u00e1mor Zrt. M\u0171helycsarnok burkolat fel\u00faj\u00edt\u00e1s<\/li>\n<li>BAUMIT Zrt. Als\u00f3zsolcai gy\u00e1ra \u00fatjav\u00edt\u00e1s<\/li>\n<li>Taktahark\u00e1ny, Taktaszada \u00fatrekonstrukci\u00f3<\/li>\n<li>Miskolc M.J.V. nagyvolumen\u0171 \u00fatjav\u00edt\u00e1s<\/li>\n<li>Bodrogolaszi \u00fatrekonstrukci\u00f3<\/li>\n<li>BorsodChem Zrt. \u00fat\u00e9p\u00edt\u00e9s<\/li>\n<li>Gy\u00f6ngy\u00f6soroszi B\u00e1nyabez\u00e1r\u00e1s villamos rekonstrukci\u00f3<\/li>\n<li>Recsk \u00c9rcb\u00e1nyatelep Isten\u00e1ld\u00e1s t\u00e1r\u00f3 \u00fat\u00e9p\u00edt\u00e9s<\/li>\n<li>Szalaszend \u00fatfel\u00faj\u00edt\u00e1s<\/li>\n<\/ul>\n<p>[\/vc_column_text][\/vc_column][\/vc_row]<\/p>\n","protected":false},"excerpt":{"rendered":"<p>[vc_row full_height=&#8221;yes&#8221; columns_placement=&#8221;top&#8221; content_placement=&#8221;top&#8221;][vc_column][vc_column_text css=&#8221;.vc_custom_1530013881773{padding-top: 20px !important;padding-right: 20px !important;padding-bottom: 20px !important;padding-left: 20px !important;background-color: #f7f7f7 !important;}&#8221;]Projektjeink, referenci\u00e1ink &nbsp; Saj\u00f3-B\u00f3dva V\u00f6lgye Telep\u00fcl\u00e9si Szil\u00e1rdhullad\u00e9k lerak\u00f3 rekultiv\u00e1ci\u00f3 Hern\u00e1d V\u00f6lgye Telep\u00fcl\u00e9si Szil\u00e1rdhullad\u00e9k lerak\u00f3 rekultiv\u00e1ci\u00f3 Miskolc D\u00e9li Ipari Park \u00fat\u00e9p\u00edt\u00e9s, kamionparkol\u00f3 \u00e9p\u00edt\u00e9s Aba\u00faj-Zempl\u00e9n Hullad\u00e9kgazd\u00e1lkod\u00e1si Rendszer ki\u00e9p\u00edt\u00e9se t\u00fcziv\u00edz medence \u00e9s \u00fat\u00e9p\u00edt\u00e9s Aba\u00faj-Zempl\u00e9n Hullad\u00e9kgazd\u00e1lkod\u00e1si Rendszer ki\u00e9p\u00edt\u00e9se hullad\u00e9kgy\u0171jt\u0151 szigetek \u00e9p\u00edt\u00e9se H\u00e1mor Zrt. M\u0171helycsarnok burkolat&#8230;<\/p>\n<p class=\"more-link\"><a href=\"https:\/\/polis-bau.hu\/?page_id=19\"><span>Read More<\/span><i>&#43;<\/i><\/a><\/p>\n","protected":false},"author":1,"featured_media":0,"parent":0,"menu_order":0,"comment_status":"closed","ping_status":"closed","template":"","meta":{"footnotes":""},"class_list":["post-19","page","type-page","status-publish","hentry"],"_links":{"self":[{"href":"https:\/\/polis-bau.hu\/index.php?rest_route=\/wp\/v2\/pages\/19","targetHints":{"allow":["GET"]}}],"collection":[{"href":"https:\/\/polis-bau.hu\/index.php?rest_route=\/wp\/v2\/pages"}],"about":[{"href":"https:\/\/polis-bau.hu\/index.php?rest_route=\/wp\/v2\/types\/page"}],"author":[{"embeddable":true,"href":"https:\/\/polis-bau.hu\/index.php?rest_route=\/wp\/v2\/users\/1"}],"replies":[{"embeddable":true,"href":"https:\/\/polis-bau.hu\/index.php?rest_route=%2Fwp%2Fv2%2Fcomments&post=19"}],"version-history":[{"count":8,"href":"https:\/\/polis-bau.hu\/index.php?rest_route=\/wp\/v2\/pages\/19\/revisions"}],"predecessor-version":[{"id":206,"href":"https:\/\/polis-bau.hu\/index.php?rest_route=\/wp\/v2\/pages\/19\/revisions\/206"}],"wp:attachment":[{"href":"https:\/\/polis-bau.hu\/index.php?rest_route=%2Fwp%2Fv2%2Fmedia&parent=19"}],"curies":[{"name":"wp","href":"https:\/\/api.w.org\/{rel}","templated":true}]}}