{"id":139,"date":"2021-04-16T08:08:54","date_gmt":"2021-04-16T08:08:54","guid":{"rendered":"https:\/\/polis-bau.hu\/?page_id=139"},"modified":"2021-06-09T09:01:00","modified_gmt":"2021-06-09T09:01:00","slug":"hirek","status":"publish","type":"page","link":"https:\/\/polis-bau.hu\/?page_id=139","title":{"rendered":"Munk\u00e1ink"},"content":{"rendered":"\n<div class=\"wp-block-group has-background\" style=\"background-color:#f7f7f7\"><div class=\"wp-block-group__inner-container is-layout-flow wp-block-group-is-layout-flow\">\n<div class=\"wp-block-columns is-layout-flex wp-container-core-columns-is-layout-9d6595d7 wp-block-columns-is-layout-flex\">\n<div class=\"wp-block-column is-layout-flow wp-block-column-is-layout-flow\"><ul class=\"wp-block-latest-posts__list wp-block-latest-posts\"><li><a class=\"wp-block-latest-posts__post-title\" href=\"https:\/\/polis-bau.hu\/?p=209\">Csapad\u00e9kv\u00edz elvezet\u0151 rendszer kialak\u00edt\u00e1sa Csokvaom\u00e1ny K\u00f6zs\u00e9gben<\/a><\/li>\n<li><a class=\"wp-block-latest-posts__post-title\" href=\"https:\/\/polis-bau.hu\/?p=156\">S\u00e1ta k\u00f6zs\u00e9g csapad\u00e9kv\u00edz elvezet\u00e9se<\/a><\/li>\n<\/ul><\/div>\n<\/div>\n<\/div><\/div>\n","protected":false},"excerpt":{"rendered":"","protected":false},"author":4,"featured_media":0,"parent":0,"menu_order":0,"comment_status":"closed","ping_status":"closed","template":"","meta":{"footnotes":""},"class_list":["post-139","page","type-page","status-publish","hentry"],"_links":{"self":[{"href":"https:\/\/polis-bau.hu\/index.php?rest_route=\/wp\/v2\/pages\/139","targetHints":{"allow":["GET"]}}],"collection":[{"href":"https:\/\/polis-bau.hu\/index.php?rest_route=\/wp\/v2\/pages"}],"about":[{"href":"https:\/\/polis-bau.hu\/index.php?rest_route=\/wp\/v2\/types\/page"}],"author":[{"embeddable":true,"href":"https:\/\/polis-bau.hu\/index.php?rest_route=\/wp\/v2\/users\/4"}],"replies":[{"embeddable":true,"href":"https:\/\/polis-bau.hu\/index.php?rest_route=%2Fwp%2Fv2%2Fcomments&post=139"}],"version-history":[{"count":11,"href":"https:\/\/polis-bau.hu\/index.php?rest_route=\/wp\/v2\/pages\/139\/revisions"}],"predecessor-version":[{"id":212,"href":"https:\/\/polis-bau.hu\/index.php?rest_route=\/wp\/v2\/pages\/139\/revisions\/212"}],"wp:attachment":[{"href":"https:\/\/polis-bau.hu\/index.php?rest_route=%2Fwp%2Fv2%2Fmedia&parent=139"}],"curies":[{"name":"wp","href":"https:\/\/api.w.org\/{rel}","templated":true}]}}